{"id":1272,"date":"2025-08-07T10:18:37","date_gmt":"2025-08-07T15:18:37","guid":{"rendered":"https:\/\/miamidetailingcarwash.com\/?page_id=1272"},"modified":"2026-03-13T09:06:07","modified_gmt":"2026-03-13T14:06:07","slug":"blog-miami-detailing","status":"publish","type":"page","link":"https:\/\/miamidetailingcarwash.com\/es\/blog-miami-detailing\/","title":{"rendered":"Blog Detailing Car"},"content":{"rendered":"<div data-elementor-type=\"wp-page\" data-elementor-id=\"1272\" class=\"elementor elementor-1272\" data-elementor-post-type=\"page\">\n\t\t\t\t\t\t<section class=\"elementor-section elementor-top-section elementor-element elementor-element-3a2ece9 elementor-section-boxed elementor-section-height-default elementor-section-height-default\" data-id=\"3a2ece9\" data-element_type=\"section\" data-e-type=\"section\" data-settings=\"{&quot;background_background&quot;:&quot;classic&quot;}\">\n\t\t\t\t\t\t\t<div class=\"elementor-background-overlay\"><\/div>\n\t\t\t\t\t\t\t<div class=\"elementor-container elementor-column-gap-default\">\n\t\t\t\t\t<div class=\"elementor-column elementor-col-100 elementor-top-column elementor-element elementor-element-17c822b\" data-id=\"17c822b\" data-element_type=\"column\" data-e-type=\"column\">\n\t\t\t<div class=\"elementor-widget-wrap elementor-element-populated\">\n\t\t\t\t\t\t<div class=\"elementor-element elementor-element-607dd96 elementor-widget elementor-widget-spacer\" data-id=\"607dd96\" data-element_type=\"widget\" data-e-type=\"widget\" data-widget_type=\"spacer.default\">\n\t\t\t\t\t\t\t<div class=\"elementor-spacer\">\n\t\t\t<div class=\"elementor-spacer-inner\"><\/div>\n\t\t<\/div>\n\t\t\t\t\t\t<\/div>\n\t\t\t\t<div class=\"elementor-element elementor-element-91cff39 elementor-widget elementor-widget-heading\" data-id=\"91cff39\" data-element_type=\"widget\" data-e-type=\"widget\" data-widget_type=\"heading.default\">\n\t\t\t\t\t<h1 class=\"elementor-heading-title elementor-size-default\">Blog Detailing<\/h1>\t\t\t\t<\/div>\n\t\t\t\t<div class=\"elementor-element elementor-element-fd9560e elementor-widget elementor-widget-icon-box\" data-id=\"fd9560e\" data-element_type=\"widget\" data-e-type=\"widget\" data-widget_type=\"icon-box.default\">\n\t\t\t\t\t\t\t<div class=\"elementor-icon-box-wrapper\">\n\n\t\t\t\n\t\t\t\t\t\t<div class=\"elementor-icon-box-content\">\n\n\t\t\t\t\t\t\t\t\t<h2 class=\"elementor-icon-box-title\">\n\t\t\t\t\t\t<span  >\n\t\t\t\t\t\t\tDescubre la diferencia de Miami Detailing\t\t\t\t\t\t<\/span>\n\t\t\t\t\t<\/h2>\n\t\t\t\t\n\t\t\t\t\t\t\t\t\t<p class=\"elementor-icon-box-description\">\n\t\t\t\t\t\tEn Miami Detailing Car Wash, no solo limpiamos veh\u00edculos de todo tipo, restauramos, protegemos y realzamos su apariencia.\n\nNuestro blog es tu puerta de entrada a consejos de expertos sobre el cuidado del auto, trucos de detallado y la informaci\u00f3n privilegiada de los profesionales que hacen que los autos de Miami brillen.\n\nLee nuestros art\u00edculos y cuando est\u00e9s listo, reserva tu servicio de detallado con el equipo que lleva la perfecci\u00f3n a cada veh\u00edculo.\t\t\t\t\t<\/p>\n\t\t\t\t\n\t\t\t<\/div>\n\t\t\t\n\t\t<\/div>\n\t\t\t\t\t\t<\/div>\n\t\t\t\t<div class=\"elementor-element elementor-element-3b6aeb3 premium-blog-align-left elementor-widget elementor-widget-premium-addon-blog\" data-id=\"3b6aeb3\" data-element_type=\"widget\" data-e-type=\"widget\" data-settings=\"{&quot;premium_blog_columns_number&quot;:&quot;33.33%&quot;,&quot;filter_flag&quot;:&quot;cat&quot;,&quot;premium_blog_grid&quot;:&quot;yes&quot;,&quot;premium_blog_layout&quot;:&quot;even&quot;,&quot;premium_blog_columns_number_tablet&quot;:&quot;50%&quot;,&quot;premium_blog_columns_number_mobile&quot;:&quot;100%&quot;,&quot;scroll_to_offset&quot;:&quot;yes&quot;}\" data-widget_type=\"premium-addon-blog.default\">\n\t\t\t\t\t\n\t\t\t\t\t\t\t<div class=\"premium-blog-filter\">\n\t\t\t<ul class=\"premium-blog-filters-container\">\n\t\t\t\t\t\t\t\t\t<li>\n\t\t\t\t\t\t<a href=\"javascript:;\" class=\"category active\" data-filter=\"*\">\n\t\t\t\t\t\t\tAll\t\t\t\t\t\t<\/a>\n\t\t\t\t\t<\/li>\n\t\t\t\t\t\t\t\t\t\t\t\t\t\t<li>\n\t\t\t\t\t\t\t<a href=\"javascript:;\" class=\"category\" data-filter=\"ceramic-coating\">\n\t\t\t\t\t\t\t\tRevestimiento cer\u00e1mico\t\t\t\t\t\t\t<\/a>\n\t\t\t\t\t\t<\/li>\n\t\t\t\t\t\t\t\t\t\t<li>\n\t\t\t\t\t\t\t<a href=\"javascript:;\" class=\"category\" data-filter=\"detailing\">\n\t\t\t\t\t\t\t\tDetailing\t\t\t\t\t\t\t<\/a>\n\t\t\t\t\t\t<\/li>\n\t\t\t\t\t\t\t\t\t\t<li>\n\t\t\t\t\t\t\t<a href=\"javascript:;\" class=\"category\" data-filter=\"headlight-restoration\">\n\t\t\t\t\t\t\t\tRestauraci\u00f3n de faros\t\t\t\t\t\t\t<\/a>\n\t\t\t\t\t\t<\/li>\n\t\t\t\t\t\t\t\t\t\t<li>\n\t\t\t\t\t\t\t<a href=\"javascript:;\" class=\"category\" data-filter=\"interior-cleaning\">\n\t\t\t\t\t\t\t\tInterior Cleaning\t\t\t\t\t\t\t<\/a>\n\t\t\t\t\t\t<\/li>\n\t\t\t\t\t\t\t\t\t\t<li>\n\t\t\t\t\t\t\t<a href=\"javascript:;\" class=\"category\" data-filter=\"leather-conditioner\">\n\t\t\t\t\t\t\t\tLeather Conditioner\t\t\t\t\t\t\t<\/a>\n\t\t\t\t\t\t<\/li>\n\t\t\t\t\t\t\t\t\t\t<li>\n\t\t\t\t\t\t\t<a href=\"javascript:;\" class=\"category\" data-filter=\"paint-correction\">\n\t\t\t\t\t\t\t\tCorrecci\u00f3n de pintura\t\t\t\t\t\t\t<\/a>\n\t\t\t\t\t\t<\/li>\n\t\t\t\t\t\t\t<\/ul>\n\t\t<\/div>\n\t\t\t\t\n\n\t\t\t\t<div class=\"premium-blog-wrap  premium-blog-even\" data-page=\"1272\" data-pagination=\"true\">\n\t\t\t\t\t\t\t\t\t<div class=\"premium-blog-post-outer-container interior-cleaning\" data-total=\"15\">\n\t\t\t<div class=\"premium-blog-post-container premium-blog-skin-classic\">\n\t\t\t\t\t\t\t\t\t<div class=\"premium-blog-thumb-effect-wrapper\">\n\t\t\t\t\t\t<div class=\"premium-blog-thumbnail-container premium-blog-zoomin-effect\">\n\t\t\t\t\t\t\t<img fetchpriority=\"high\" decoding=\"async\" width=\"1536\" height=\"1024\" src=\"https:\/\/miamidetailingcarwash.com\/wp-content\/uploads\/2026\/04\/Ceiling-Cleaning.avif\" class=\"attachment-full size-full wp-image-3531\" alt=\"Ceiling Cleaning\" srcset=\"https:\/\/miamidetailingcarwash.com\/wp-content\/uploads\/2026\/04\/Ceiling-Cleaning.avif 1536w, https:\/\/miamidetailingcarwash.com\/wp-content\/uploads\/2026\/04\/Ceiling-Cleaning-768x512.avif 768w, https:\/\/miamidetailingcarwash.com\/wp-content\/uploads\/2026\/04\/Ceiling-Cleaning-18x12.avif 18w\" sizes=\"(max-width: 1536px) 100vw, 1536px\" \/>\t\t\t\t\t\t<\/div>\n\t\t\t\t\t\t\t\t\t\t\t\t\t<div class=\"premium-blog-thumbnail-overlay\">\n\t\t\t\t\t\t\t\t<a class=\"elementor-icon\" href=\"https:\/\/miamidetailingcarwash.com\/es\/ceiling-clening-luxury-cars-in-miami\/\" target=\"_blank\"><\/a>\n\t\t\t\t\t\t\t<\/div>\n\n\t\t\t\t\t\t\t\t\t\t\t\t\t\t\t\t\t\t<\/div>\n\t\t\t\t\t\t\t\t\t\t\t\t<div class=\"premium-blog-content-wrapper\">\n\n\t\t\t\t\t<div class=\"premium-blog-inner-container\">\n\n\t\t\t\t\t\t\t\t\t\t\t\t\t\t<h2 class=\"premium-blog-entry-title\">\n\t\t\t<a href=\"https:\/\/miamidetailingcarwash.com\/es\/ceiling-clening-luxury-cars-in-miami\/\" target=\"_blank\">\n\t\t\t\tCeiling Clening Luxury Cars in Miami\t\t\t<\/a>\n\t\t<\/h2>\n\t\t\t\t<div class=\"premium-blog-entry-meta\">\n\t\t\t\n\t\t\t\t\t\t\t<span class=\"premium-blog-meta-separator\">\u2022<\/span>\n\t\t\t\t<div class=\"premium-blog-post-time premium-blog-meta-data\">\n\t\t\t\t\t<i class=\"fa fa-calendar-alt\" aria-hidden=\"true\"><\/i>\n\t\t\t\t\t<span>abril 2, 2026<\/span>\n\t\t\t\t<\/div>\n\t\t\t\n\t\t\t\t\t\t\t<span class=\"premium-blog-meta-separator\">\u2022<\/span>\n\t\t\t\t<div class=\"premium-blog-post-categories premium-blog-meta-data\">\n\t\t\t\t\t<i class=\"fa fa-align-left fa-fw\" aria-hidden=\"true\"><\/i>\n\t\t\t\t\t<a href=\"https:\/\/miamidetailingcarwash.com\/es\/category\/interior-cleaning\/\" rel=\"category tag\">Interior Cleaning<\/a>\t\t\t\t<\/div>\n\t\t\t\n\t\t\t\t\t<\/div>\n\t\t\n\t\t\t\t\t<\/div>\n\n\t\t\t\t\t\t\t\t\t\t\n\t\t\t\t<\/div>\n\t\t\t<\/div>\n\t\t<\/div>\n\n\t\t\t\t<div class=\"premium-blog-post-outer-container leather-conditioner\" data-total=\"15\">\n\t\t\t<div class=\"premium-blog-post-container premium-blog-skin-classic\">\n\t\t\t\t\t\t\t\t\t<div class=\"premium-blog-thumb-effect-wrapper\">\n\t\t\t\t\t\t<div class=\"premium-blog-thumbnail-container premium-blog-zoomin-effect\">\n\t\t\t\t\t\t\t<img decoding=\"async\" width=\"1287\" height=\"724\" src=\"https:\/\/miamidetailingcarwash.com\/wp-content\/uploads\/2026\/03\/Lavado-de-cuero-de-auto.avif\" class=\"attachment-full size-full wp-image-3515\" alt=\"Leather Conditioner\" srcset=\"https:\/\/miamidetailingcarwash.com\/wp-content\/uploads\/2026\/03\/Lavado-de-cuero-de-auto.avif 1287w, https:\/\/miamidetailingcarwash.com\/wp-content\/uploads\/2026\/03\/Lavado-de-cuero-de-auto-768x432.avif 768w, https:\/\/miamidetailingcarwash.com\/wp-content\/uploads\/2026\/03\/Lavado-de-cuero-de-auto-18x10.avif 18w\" sizes=\"(max-width: 1287px) 100vw, 1287px\" \/>\t\t\t\t\t\t<\/div>\n\t\t\t\t\t\t\t\t\t\t\t\t\t<div class=\"premium-blog-thumbnail-overlay\">\n\t\t\t\t\t\t\t\t<a class=\"elementor-icon\" href=\"https:\/\/miamidetailingcarwash.com\/es\/best-leather-conditioner-service\/\" target=\"_blank\"><\/a>\n\t\t\t\t\t\t\t<\/div>\n\n\t\t\t\t\t\t\t\t\t\t\t\t\t\t\t\t\t\t<\/div>\n\t\t\t\t\t\t\t\t\t\t\t\t<div class=\"premium-blog-content-wrapper\">\n\n\t\t\t\t\t<div class=\"premium-blog-inner-container\">\n\n\t\t\t\t\t\t\t\t\t\t\t\t\t\t<h2 class=\"premium-blog-entry-title\">\n\t\t\t<a href=\"https:\/\/miamidetailingcarwash.com\/es\/best-leather-conditioner-service\/\" target=\"_blank\">\n\t\t\t\tBest Leather Conditioner Service for Luxury Cars in Miami\t\t\t<\/a>\n\t\t<\/h2>\n\t\t\t\t<div class=\"premium-blog-entry-meta\">\n\t\t\t\n\t\t\t\t\t\t\t<span class=\"premium-blog-meta-separator\">\u2022<\/span>\n\t\t\t\t<div class=\"premium-blog-post-time premium-blog-meta-data\">\n\t\t\t\t\t<i class=\"fa fa-calendar-alt\" aria-hidden=\"true\"><\/i>\n\t\t\t\t\t<span>marzo 31, 2026<\/span>\n\t\t\t\t<\/div>\n\t\t\t\n\t\t\t\t\t\t\t<span class=\"premium-blog-meta-separator\">\u2022<\/span>\n\t\t\t\t<div class=\"premium-blog-post-categories premium-blog-meta-data\">\n\t\t\t\t\t<i class=\"fa fa-align-left fa-fw\" aria-hidden=\"true\"><\/i>\n\t\t\t\t\t<a href=\"https:\/\/miamidetailingcarwash.com\/es\/category\/leather-conditioner\/\" rel=\"category tag\">Leather Conditioner<\/a>\t\t\t\t<\/div>\n\t\t\t\n\t\t\t\t\t<\/div>\n\t\t\n\t\t\t\t\t<\/div>\n\n\t\t\t\t\t\t\t\t\t\t\n\t\t\t\t<\/div>\n\t\t\t<\/div>\n\t\t<\/div>\n\n\t\t\t\t<div class=\"premium-blog-post-outer-container detailing\" data-total=\"15\">\n\t\t\t<div class=\"premium-blog-post-container premium-blog-skin-classic\">\n\t\t\t\t\t\t\t\t\t<div class=\"premium-blog-thumb-effect-wrapper\">\n\t\t\t\t\t\t<div class=\"premium-blog-thumbnail-container premium-blog-zoomin-effect\">\n\t\t\t\t\t\t\t<img decoding=\"async\" width=\"1024\" height=\"859\" src=\"https:\/\/miamidetailingcarwash.com\/wp-content\/uploads\/2026\/03\/Detalle-de-limpieza-de-rueda-AMG.avif\" class=\"attachment-full size-full wp-image-3511\" alt=\"\" srcset=\"https:\/\/miamidetailingcarwash.com\/wp-content\/uploads\/2026\/03\/Detalle-de-limpieza-de-rueda-AMG.avif 1024w, https:\/\/miamidetailingcarwash.com\/wp-content\/uploads\/2026\/03\/Detalle-de-limpieza-de-rueda-AMG-768x644.avif 768w, https:\/\/miamidetailingcarwash.com\/wp-content\/uploads\/2026\/03\/Detalle-de-limpieza-de-rueda-AMG-14x12.avif 14w\" sizes=\"(max-width: 1024px) 100vw, 1024px\" \/>\t\t\t\t\t\t<\/div>\n\t\t\t\t\t\t\t\t\t\t\t\t\t<div class=\"premium-blog-thumbnail-overlay\">\n\t\t\t\t\t\t\t\t<a class=\"elementor-icon\" href=\"https:\/\/miamidetailingcarwash.com\/es\/tier-2-detailing-for-mercedes-amg-g-63\/\" target=\"_blank\"><\/a>\n\t\t\t\t\t\t\t<\/div>\n\n\t\t\t\t\t\t\t\t\t\t\t\t\t\t\t\t\t\t<\/div>\n\t\t\t\t\t\t\t\t\t\t\t\t<div class=\"premium-blog-content-wrapper\">\n\n\t\t\t\t\t<div class=\"premium-blog-inner-container\">\n\n\t\t\t\t\t\t\t\t\t\t\t\t\t\t<h2 class=\"premium-blog-entry-title\">\n\t\t\t<a href=\"https:\/\/miamidetailingcarwash.com\/es\/tier-2-detailing-for-mercedes-amg-g-63\/\" target=\"_blank\">\n\t\t\t\tTier 2 Detailing for Mercedes-AMG G 63 in Miami: Deep Cleaning &#038; 3-Month Protection\t\t\t<\/a>\n\t\t<\/h2>\n\t\t\t\t<div class=\"premium-blog-entry-meta\">\n\t\t\t\n\t\t\t\t\t\t\t<span class=\"premium-blog-meta-separator\">\u2022<\/span>\n\t\t\t\t<div class=\"premium-blog-post-time premium-blog-meta-data\">\n\t\t\t\t\t<i class=\"fa fa-calendar-alt\" aria-hidden=\"true\"><\/i>\n\t\t\t\t\t<span>marzo 28, 2026<\/span>\n\t\t\t\t<\/div>\n\t\t\t\n\t\t\t\t\t\t\t<span class=\"premium-blog-meta-separator\">\u2022<\/span>\n\t\t\t\t<div class=\"premium-blog-post-categories premium-blog-meta-data\">\n\t\t\t\t\t<i class=\"fa fa-align-left fa-fw\" aria-hidden=\"true\"><\/i>\n\t\t\t\t\t<a href=\"https:\/\/miamidetailingcarwash.com\/es\/category\/detailing\/\" rel=\"category tag\">Detailing<\/a>\t\t\t\t<\/div>\n\t\t\t\n\t\t\t\t\t<\/div>\n\t\t\n\t\t\t\t\t<\/div>\n\n\t\t\t\t\t\t\t\t\t\t\n\t\t\t\t<\/div>\n\t\t\t<\/div>\n\t\t<\/div>\n\n\t\t\t\t\t\t\t<\/div>\n\n\t\t\t\t\t<div class=\"premium-blog-footer\">\n\t\t\t\t\t\t\t<nav class=\"premium-blog-pagination-container\" role=\"navigation\" aria-label=\"Paginaci\u00f3n\">\n\t\t\t\t<span aria-current=\"page\" class=\"page-numbers current\">1<\/span>\n<a class=\"page-numbers\" href=\"https:\/\/miamidetailingcarwash.com\/es\/wp-json\/wp\/v2\/pages\/1272\/page\/2\/\">2<\/a>\n<a class=\"page-numbers\" href=\"https:\/\/miamidetailingcarwash.com\/es\/wp-json\/wp\/v2\/pages\/1272\/page\/3\/\">3<\/a>\n<span class=\"page-numbers dots\">&hellip;<\/span>\n<a class=\"page-numbers\" href=\"https:\/\/miamidetailingcarwash.com\/es\/wp-json\/wp\/v2\/pages\/1272\/page\/5\/\">5<\/a>\t\t\t<\/nav>\n\t\t\t\t\t\t<\/div>\n\t\t\n\t\t\n\t\t\t\t\t\t<\/div>\n\t\t\t\t<div class=\"elementor-element elementor-element-92cfa07 elementor-widget elementor-widget-spacer\" data-id=\"92cfa07\" data-element_type=\"widget\" data-e-type=\"widget\" data-widget_type=\"spacer.default\">\n\t\t\t\t\t\t\t<div class=\"elementor-spacer\">\n\t\t\t<div class=\"elementor-spacer-inner\"><\/div>\n\t\t<\/div>\n\t\t\t\t\t\t<\/div>\n\t\t\t\t\t<\/div>\n\t\t<\/div>\n\t\t\t\t\t<\/div>\n\t\t<\/section>\n\t\t\t\t<\/div>","protected":false},"excerpt":{"rendered":"<p>At Miami Detailing Car Wash, we don\u2019t just clean cars  we restore, protect, and elevate your vehicle\u2019s look and feel.<br \/>\nOur blog is your gateway to expert car care advice, detailing tips, and insider knowledge from the professionals who make Miami\u2019s cars shine.<br \/>\nRead and when you\u2019re ready, book your detailing with the team that brings perfection to every ride.<\/p>","protected":false},"author":1,"featured_media":649,"parent":0,"menu_order":0,"comment_status":"closed","ping_status":"closed","template":"elementor_header_footer","meta":{"footnotes":""},"class_list":["post-1272","page","type-page","status-publish","has-post-thumbnail","hentry"],"_links":{"self":[{"href":"https:\/\/miamidetailingcarwash.com\/es\/wp-json\/wp\/v2\/pages\/1272","targetHints":{"allow":["GET"]}}],"collection":[{"href":"https:\/\/miamidetailingcarwash.com\/es\/wp-json\/wp\/v2\/pages"}],"about":[{"href":"https:\/\/miamidetailingcarwash.com\/es\/wp-json\/wp\/v2\/types\/page"}],"author":[{"embeddable":true,"href":"https:\/\/miamidetailingcarwash.com\/es\/wp-json\/wp\/v2\/users\/1"}],"replies":[{"embeddable":true,"href":"https:\/\/miamidetailingcarwash.com\/es\/wp-json\/wp\/v2\/comments?post=1272"}],"version-history":[{"count":61,"href":"https:\/\/miamidetailingcarwash.com\/es\/wp-json\/wp\/v2\/pages\/1272\/revisions"}],"predecessor-version":[{"id":3468,"href":"https:\/\/miamidetailingcarwash.com\/es\/wp-json\/wp\/v2\/pages\/1272\/revisions\/3468"}],"wp:featuredmedia":[{"embeddable":true,"href":"https:\/\/miamidetailingcarwash.com\/es\/wp-json\/wp\/v2\/media\/649"}],"wp:attachment":[{"href":"https:\/\/miamidetailingcarwash.com\/es\/wp-json\/wp\/v2\/media?parent=1272"}],"curies":[{"name":"wp","href":"https:\/\/api.w.org\/{rel}","templated":true}]}}